{"id":17,"date":"2024-07-08T08:26:50","date_gmt":"2024-07-08T08:26:50","guid":{"rendered":"https:\/\/holger-wachsmann.de\/?page_id=17"},"modified":"2025-10-23T09:27:10","modified_gmt":"2025-10-23T09:27:10","slug":"impressum","status":"publish","type":"page","link":"https:\/\/holger-wachsmann.de\/?page_id=17","title":{"rendered":"Impressum"},"content":{"rendered":"\t\t<div data-elementor-type=\"wp-page\" data-elementor-id=\"17\" class=\"elementor elementor-17\">\n\t\t\t\t<div class=\"elementor-element elementor-element-7d4eefd2 e-flex e-con-boxed e-con e-parent\" data-id=\"7d4eefd2\" data-element_type=\"container\" data-e-type=\"container\">\n\t\t\t\t\t<div class=\"e-con-inner\">\n\t\t\t\t<div class=\"elementor-element elementor-element-438e53d8 elementor-widget elementor-widget-text-editor\" data-id=\"438e53d8\" data-element_type=\"widget\" data-e-type=\"widget\" data-widget_type=\"text-editor.default\">\n\t\t\t\t<div class=\"elementor-widget-container\">\n\t\t\t\t\t\t\t\t\t\n<div class=\"wp-block-group is-layout-constrained wp-block-group-is-layout-constrained\">\n<figure class=\"wp-block-table is-style-stripes has-system-sans-serif-font-family\" style=\"font-style: normal; font-weight: 500;\">\n<p>\u00a0<\/p>\n<table class=\"has-base-2-color has-contrast-3-background-color has-text-color has-background has-link-color\">\n<tbody>\n<tr>\n<td>Inhaber:<\/td>\n<td><strong>Holger Wachsmann, Elektroingenieur<\/strong><\/td>\n<\/tr>\n<tr>\n<td>Steuer Nummer:<\/td>\n<td><strong>123\/284\/00365<\/strong><\/td>\n<\/tr>\n<tr>\n<td>UST-ID-Nummer:<\/td>\n<td><strong>DE 168 249 525<\/strong><\/td>\n<\/tr>\n<tr>\n<td>Telefon:<\/td>\n<td>+49 8321 4070005<\/td>\n<\/tr>\n<tr>\n<td>Telefax:<\/td>\n<td>+49 8321 2766298<\/td>\n<\/tr>\n<tr>\n<td>Mobil:<\/td>\n<td>+49 171 2625904<\/td>\n<\/tr>\n<tr>\n<td>E-Mail:<\/td>\n<td>howa@holger-wachsmann.de<\/td>\n<\/tr>\n<tr>\n<td>\u00a0<\/td>\n<td>\u00a0<\/td>\n<\/tr>\n<\/tbody>\n<\/table>\n<\/figure>\n\n<pre class=\"wp-block-preformatted has-base-2-color has-text-color has-link-color has-system-sans-serif-font-family has-small-font-size wp-elements-8e6f7c4a6dc413e04d8ccaa9028f02b9\" style=\"font-style: normal; font-weight: 500; line-height: 1.3;\"><strong>Verantwortlich f\u00fcr die Internetseite:<\/strong><br \/>Holger Wachsmann<br \/><br \/><strong>Haftungshinweise:<\/strong><br \/>Trotz sorgf\u00e4ltiger inhaltlicher Kontrolle \u00fcbernehmen wir keine Haftung f\u00fcr die Inhalte externer Links. F\u00fcr den Inhaber der verlinkten Seiten sind ausschlie\u00dflich deren Betreiber verantwortlich. Wir erheben, verarbeiten und nutzen Daten nur im Rahmen der gesetzlichen Bestimmungen. Diese Datenschutzerkl\u00e4rung gilt ausschlie\u00dflich f\u00fcr die Nutzung der von uns angebotenen Webseiten. Sie gilt nicht f\u00fcr Webseiten anderer Biensteanbieter, auf die wir lediglich durch einen Link verweisen.<\/pre>\n<\/div>\n\t\t\t\t\t\t\t\t<\/div>\n\t\t\t\t<\/div>\n\t\t\t\t\t<\/div>\n\t\t\t\t<\/div>\n\t\t\t\t<\/div>\n\t\t","protected":false},"excerpt":{"rendered":"<p>\u00a0 Inhaber: Holger Wachsmann, Elektroingenieur Steuer Nummer: 123\/284\/00365 UST-ID-Nummer: DE 168 249 525 Telefon: +49 8321 4070005 Telefax: +49 8321 2766298 Mobil: +49 171 2625904 E-Mail: howa@holger-wachsmann.de \u00a0 \u00a0 Verantwortlich f\u00fcr die Internetseite:Holger WachsmannHaftungshinweise:Trotz sorgf\u00e4ltiger inhaltlicher Kontrolle \u00fcbernehmen wir keine Haftung f\u00fcr die Inhalte externer Links. F\u00fcr den Inhaber der verlinkten Seiten sind ausschlie\u00dflich deren [&hellip;]<\/p>\n","protected":false},"author":1,"featured_media":0,"parent":0,"menu_order":0,"comment_status":"closed","ping_status":"closed","template":"","meta":{"_crdt_document":"","footnotes":""},"class_list":["post-17","page","type-page","status-publish","hentry"],"_links":{"self":[{"href":"https:\/\/holger-wachsmann.de\/index.php?rest_route=\/wp\/v2\/pages\/17","targetHints":{"allow":["GET"]}}],"collection":[{"href":"https:\/\/holger-wachsmann.de\/index.php?rest_route=\/wp\/v2\/pages"}],"about":[{"href":"https:\/\/holger-wachsmann.de\/index.php?rest_route=\/wp\/v2\/types\/page"}],"author":[{"embeddable":true,"href":"https:\/\/holger-wachsmann.de\/index.php?rest_route=\/wp\/v2\/users\/1"}],"replies":[{"embeddable":true,"href":"https:\/\/holger-wachsmann.de\/index.php?rest_route=%2Fwp%2Fv2%2Fcomments&post=17"}],"version-history":[{"count":10,"href":"https:\/\/holger-wachsmann.de\/index.php?rest_route=\/wp\/v2\/pages\/17\/revisions"}],"predecessor-version":[{"id":523,"href":"https:\/\/holger-wachsmann.de\/index.php?rest_route=\/wp\/v2\/pages\/17\/revisions\/523"}],"wp:attachment":[{"href":"https:\/\/holger-wachsmann.de\/index.php?rest_route=%2Fwp%2Fv2%2Fmedia&parent=17"}],"curies":[{"name":"wp","href":"https:\/\/api.w.org\/{rel}","templated":true}]}}