{"id":361,"date":"2024-07-24T08:04:28","date_gmt":"2024-07-24T08:04:28","guid":{"rendered":"https:\/\/holger-wachsmann.de\/?page_id=361"},"modified":"2025-10-23T09:05:00","modified_gmt":"2025-10-23T09:05:00","slug":"ueber-mich","status":"publish","type":"page","link":"https:\/\/holger-wachsmann.de\/","title":{"rendered":"\u00dcber mich"},"content":{"rendered":"\t\t<div data-elementor-type=\"wp-page\" data-elementor-id=\"361\" class=\"elementor elementor-361\">\n\t\t\t\t<div class=\"elementor-element elementor-element-969a175 e-con-full e-flex e-con e-parent\" data-id=\"969a175\" data-element_type=\"container\" data-e-type=\"container\">\n\t\t\t\t<div class=\"elementor-element elementor-element-29da4df elementor-widget elementor-widget-text-editor\" data-id=\"29da4df\" data-element_type=\"widget\" data-e-type=\"widget\" data-widget_type=\"text-editor.default\">\n\t\t\t\t<div class=\"elementor-widget-container\">\n\t\t\t\t\t\t\t\t\t<p style=\"text-align: center;\"><b>Herzlich Willkommen auf meiner Webseite, hier erfahren Sie alles \u00fcber mich und die Sachverst\u00e4ndigen Organisation, von der ich bestellt und zertifiziert wurde:<\/b><\/p>\t\t\t\t\t\t\t\t<\/div>\n\t\t\t\t<\/div>\n\t\t\t\t<\/div>\n\t\t<div class=\"elementor-element elementor-element-d1631fa e-flex e-con-boxed e-con e-parent\" data-id=\"d1631fa\" data-element_type=\"container\" data-e-type=\"container\">\n\t\t\t\t\t<div class=\"e-con-inner\">\n\t\t\t\t<div class=\"elementor-element elementor-element-3dc3c07 elementor-widget__width-auto elementor-widget elementor-widget-image\" data-id=\"3dc3c07\" data-element_type=\"widget\" data-e-type=\"widget\" data-widget_type=\"image.default\">\n\t\t\t\t<div class=\"elementor-widget-container\">\n\t\t\t\t\t\t\t\t\t\t\t\t\t\t\t<img fetchpriority=\"high\" decoding=\"async\" width=\"300\" height=\"190\" src=\"https:\/\/holger-wachsmann.de\/wp-content\/uploads\/2024\/07\/image001-300x190.png\" class=\"attachment-medium size-medium wp-image-34\" alt=\"\" srcset=\"https:\/\/holger-wachsmann.de\/wp-content\/uploads\/2024\/07\/image001-300x190.png 300w, https:\/\/holger-wachsmann.de\/wp-content\/uploads\/2024\/07\/image001.png 766w\" sizes=\"(max-width: 300px) 100vw, 300px\" \/>\t\t\t\t\t\t\t\t\t\t\t\t\t\t\t<\/div>\n\t\t\t\t<\/div>\n\t\t\t\t<div class=\"elementor-element elementor-element-68be76a elementor-widget elementor-widget-text-editor\" data-id=\"68be76a\" data-element_type=\"widget\" data-e-type=\"widget\" data-widget_type=\"text-editor.default\">\n\t\t\t\t<div class=\"elementor-widget-container\">\n\t\t\t\t\t\t\t\t\t<h4>Seit vielen Jahren (1970) pr\u00fcfe ich als amtlich anerkannter Sachverst\u00e4ndiger, Anlagen, die wasserrechtlich relevant sind und den gesetzlichen Vorschriften des Wasserhaushaltsgesetzes\u00a0<span style=\"color: #ff0000;\"><a style=\"color: #ff0000;\" href=\"https:\/\/holger-wachsmann.de\/wp-content\/uploads\/2024\/07\/2017-WHG.pdf\" target=\"_blank\" rel=\"noopener\">WHG<\/a><\/span>\u00a0oder\/und der Anlagenverordnung\u00a0<span style=\"color: #ff0000;\"><a style=\"color: #ff0000;\" href=\"https:\/\/holger-wachsmann.de\/wp-content\/uploads\/2024\/07\/AwSV-2017.04.21.pdf\" target=\"_blank\" rel=\"noopener\">AwSV<\/a><\/span>\u00a0unterliegen.\u00a0<\/h4><p><span style=\"color: #666699;\"><b>Aus Altersgr\u00fcnden (weit \u00fcber 50 Jahre war ich als SV t\u00e4tig) f\u00fchre ich diese Pr\u00fcfungen ab 10.01.2022 nicht mehr durch.<\/b><\/span><\/p>\t\t\t\t\t\t\t\t<\/div>\n\t\t\t\t<\/div>\n\t\t\t\t<div class=\"elementor-element elementor-element-b720fb8 elementor-widget elementor-widget-text-editor\" data-id=\"b720fb8\" data-element_type=\"widget\" data-e-type=\"widget\" data-widget_type=\"text-editor.default\">\n\t\t\t\t<div class=\"elementor-widget-container\">\n\t\t\t\t\t\t\t\t\t<p><span style=\"color: #ff0000;\"><b>Wenn Sie Auftr\u00e4ge zur Pr\u00fcfung von Anlagen erteilen m\u00f6chten, so k\u00f6nnen Sie dies gerne mit meinen Nachfolgern durchf\u00fchren, diese k\u00f6nnen bei Bedarf auch auf die Pr\u00fcfberichte der letzten Pr\u00fcfung durch mich zugreifen.<\/b><\/span><\/p><p><span style=\"color: #ff0000;\"><b>Kontaktdaten der Sachbearbeiterin, Frau Sabine Dressel, vom Ing. B\u00fcro Schorer + Wolf in Kempten lauten:<\/b><\/span><\/p><p><span style=\"color: #ff0000;\"><b>Telefon: 0831 70490-700<\/b><\/span><\/p><p><span style=\"color: #ff0000;\"><b>E-Mail: sicherheit@schorer-wolf.de<\/b><\/span><\/p>\t\t\t\t\t\t\t\t<\/div>\n\t\t\t\t<\/div>\n\t\t\t\t\t<\/div>\n\t\t\t\t<\/div>\n\t\t<div class=\"elementor-element elementor-element-daec0a7 e-flex e-con-boxed e-con e-parent\" data-id=\"daec0a7\" data-element_type=\"container\" data-e-type=\"container\">\n\t\t\t\t\t<div class=\"e-con-inner\">\n\t\t\t\t<div class=\"elementor-element elementor-element-8ad8882 elementor-widget elementor-widget-text-editor\" data-id=\"8ad8882\" data-element_type=\"widget\" data-e-type=\"widget\" data-widget_type=\"text-editor.default\">\n\t\t\t\t<div class=\"elementor-widget-container\">\n\t\t\t\t\t\t\t\t\t<p><span style=\"color: #0000ff;\">Ich werde nur noch Gutachten f\u00fcr die Antr\u00e4ge auf Eignungsfeststellung nach \u00a7 63 Absatz (1) WHG und f\u00fcr die Ausnahmen von der Eignungsfeststellung nach \u00a7 41 Absatz (2) Satz 2 AwSV erarbeiten.<\/span><\/p>\t\t\t\t\t\t\t\t<\/div>\n\t\t\t\t<\/div>\n\t\t\t\t<div class=\"elementor-element elementor-element-1165980 elementor-widget elementor-widget-text-editor\" data-id=\"1165980\" data-element_type=\"widget\" data-e-type=\"widget\" data-widget_type=\"text-editor.default\">\n\t\t\t\t<div class=\"elementor-widget-container\">\n\t\t\t\t\t\t\t\t\t<p><span style=\"color: #0000ff;\">Dar\u00fcberhinaus werde ich weiter f\u00fcr die technische Leitung der Sachverst\u00e4ndigen Organisation 1. ARGE TPO e.V. t\u00e4tig sein und im Koordinierungskreis der Sachverst\u00e4ndigen Organisationen als Gast mitarbeiten.<\/span><\/p>\t\t\t\t\t\t\t\t<\/div>\n\t\t\t\t<\/div>\n\t\t\t\t\t<\/div>\n\t\t\t\t<\/div>\n\t\t<div class=\"elementor-element elementor-element-fdb146c e-flex e-con-boxed e-con e-parent\" data-id=\"fdb146c\" data-element_type=\"container\" data-e-type=\"container\">\n\t\t\t\t\t<div class=\"e-con-inner\">\n\t\t\t\t<div class=\"elementor-element elementor-element-6ab93e7 elementor-widget elementor-widget-text-editor\" data-id=\"6ab93e7\" data-element_type=\"widget\" data-e-type=\"widget\" data-widget_type=\"text-editor.default\">\n\t\t\t\t<div class=\"elementor-widget-container\">\n\t\t\t\t\t\t\t\t\t<p><span style=\"color: #0000ff;\"><b>In den n\u00e4chsten Abschnitten erfahren Sie alles \u00fcber die Entwicklung der Pr\u00fcfpflichten f\u00fcr Anlagen mit wassergef\u00e4hrdenden Stoffen:<\/b><\/span><\/p>\t\t\t\t\t\t\t\t<\/div>\n\t\t\t\t<\/div>\n\t\t\t\t<div class=\"elementor-element elementor-element-11f8911 elementor-widget elementor-widget-text-editor\" data-id=\"11f8911\" data-element_type=\"widget\" data-e-type=\"widget\" data-widget_type=\"text-editor.default\">\n\t\t\t\t<div class=\"elementor-widget-container\">\n\t\t\t\t\t\t\t\t\t<p><span style=\"color: #0000ff;\">Nachdem Anfang der 1990-er Jahre die L\u00e4nderverordnungen VAwS eingef\u00fchrt wurden, bin ich von der amtlich anerkannten Sachverst\u00e4ndigen Organisation 1. ARGE TPO e.V. als Sachverst\u00e4ndiger bestellt worden. Am 1. August 2017 wurden die L\u00e4nderverordnungen (VAwS) durch eine Bundesverordnung AwSV abgel\u00f6st.<\/span><\/p>\t\t\t\t\t\t\t\t<\/div>\n\t\t\t\t<\/div>\n\t\t\t\t<div class=\"elementor-element elementor-element-8edf98b elementor-widget elementor-widget-text-editor\" data-id=\"8edf98b\" data-element_type=\"widget\" data-e-type=\"widget\" data-widget_type=\"text-editor.default\">\n\t\t\t\t<div class=\"elementor-widget-container\">\n\t\t\t\t\t\t\t\t\t<p><span style=\"color: #0000ff;\">Die 1. ARGE TPO e.V. hat als bundesweit t\u00e4tige Pr\u00fcforganisation ihren Hauptsitz in Seukendorf (Landkreis F\u00fcrth). Hier gelangen Sie zur Website der\u00a0<\/span><a href=\"https:\/\/www.tpo-online.de\" target=\"_blank\" rel=\"noopener\">TPO<\/a><span style=\"color: #0000ff;\">.<\/span><\/p>\t\t\t\t\t\t\t\t<\/div>\n\t\t\t\t<\/div>\n\t\t\t\t\t<\/div>\n\t\t\t\t<\/div>\n\t\t<div class=\"elementor-element elementor-element-b7e0c73 e-flex e-con-boxed e-con e-parent\" data-id=\"b7e0c73\" data-element_type=\"container\" data-e-type=\"container\">\n\t\t\t\t\t<div class=\"e-con-inner\">\n\t\t\t\t<div class=\"elementor-element elementor-element-2359812 elementor-widget elementor-widget-text-editor\" data-id=\"2359812\" data-element_type=\"widget\" data-e-type=\"widget\" data-widget_type=\"text-editor.default\">\n\t\t\t\t<div class=\"elementor-widget-container\">\n\t\t\t\t\t\t\t\t\t<h3><span style=\"color: #0000ff;\"><b>Wussten Sie schon:<\/b><\/span><\/h3>\t\t\t\t\t\t\t\t<\/div>\n\t\t\t\t<\/div>\n\t\t\t\t<div class=\"elementor-element elementor-element-a0b78ce elementor-widget elementor-widget-text-editor\" data-id=\"a0b78ce\" data-element_type=\"widget\" data-e-type=\"widget\" data-widget_type=\"text-editor.default\">\n\t\t\t\t<div class=\"elementor-widget-container\">\n\t\t\t\t\t\t\t\t\t<p><span style=\"color: #0000ff;\">Eine \u00dcberpr\u00fcfung auch Ihrer Tankanlage (Heiz\u00f6l, Diesel, sonstige wassergef\u00e4hrdende Stoffe) k\u00f6nnte erforderlich sein!<\/span><\/p><p><span style=\"color: #0000ff;\">Ihren Heiz\u00f6ltank pr\u00fcfen wir zuverl\u00e4ssig und kosteng\u00fcnstig. Selbstverst\u00e4ndlich auch Beh\u00e4lter aus Stahl, Kunststoff und Beton zur Lagerung von Heiz\u00f6l und Diesel.<\/span><\/p>\t\t\t\t\t\t\t\t<\/div>\n\t\t\t\t<\/div>\n\t\t\t\t\t<\/div>\n\t\t\t\t<\/div>\n\t\t\t\t<\/div>\n\t\t","protected":false},"excerpt":{"rendered":"<p>Herzlich Willkommen auf meiner Webseite, hier erfahren Sie alles \u00fcber mich und die Sachverst\u00e4ndigen Organisation, von der ich bestellt und zertifiziert wurde: Seit vielen Jahren (1970) pr\u00fcfe ich als amtlich anerkannter Sachverst\u00e4ndiger, Anlagen, die wasserrechtlich relevant sind und den gesetzlichen Vorschriften des Wasserhaushaltsgesetzes\u00a0WHG\u00a0oder\/und der Anlagenverordnung\u00a0AwSV\u00a0unterliegen.\u00a0 Aus Altersgr\u00fcnden (weit \u00fcber 50 Jahre war ich als SV [&hellip;]<\/p>\n","protected":false},"author":1,"featured_media":0,"parent":0,"menu_order":0,"comment_status":"closed","ping_status":"closed","template":"","meta":{"_crdt_document":"","footnotes":""},"class_list":["post-361","page","type-page","status-publish","hentry"],"_links":{"self":[{"href":"https:\/\/holger-wachsmann.de\/index.php?rest_route=\/wp\/v2\/pages\/361","targetHints":{"allow":["GET"]}}],"collection":[{"href":"https:\/\/holger-wachsmann.de\/index.php?rest_route=\/wp\/v2\/pages"}],"about":[{"href":"https:\/\/holger-wachsmann.de\/index.php?rest_route=\/wp\/v2\/types\/page"}],"author":[{"embeddable":true,"href":"https:\/\/holger-wachsmann.de\/index.php?rest_route=\/wp\/v2\/users\/1"}],"replies":[{"embeddable":true,"href":"https:\/\/holger-wachsmann.de\/index.php?rest_route=%2Fwp%2Fv2%2Fcomments&post=361"}],"version-history":[{"count":34,"href":"https:\/\/holger-wachsmann.de\/index.php?rest_route=\/wp\/v2\/pages\/361\/revisions"}],"predecessor-version":[{"id":480,"href":"https:\/\/holger-wachsmann.de\/index.php?rest_route=\/wp\/v2\/pages\/361\/revisions\/480"}],"wp:attachment":[{"href":"https:\/\/holger-wachsmann.de\/index.php?rest_route=%2Fwp%2Fv2%2Fmedia&parent=361"}],"curies":[{"name":"wp","href":"https:\/\/api.w.org\/{rel}","templated":true}]}}